{"id":583,"date":"2016-07-05T15:23:51","date_gmt":"2016-07-05T15:23:51","guid":{"rendered":"http:\/\/www.photosandmoredesign.de\/blog\/?page_id=583"},"modified":"2020-10-06T06:52:26","modified_gmt":"2020-10-06T06:52:26","slug":"schwangerschaftsshooting","status":"publish","type":"page","link":"https:\/\/www.photosandmoredesign.de\/blog\/services\/schwangerschaftsshooting\/","title":{"rendered":"Babybauchfotoshooting"},"content":{"rendered":"<p>Babybauchshooting ein wundersch\u00f6nes Erlebnis und Ereignis ist eine Schwangerschaft. Ihr Bauch w\u00e4chst von Monat zu Monat, sie sp\u00fcren die ersten Tritte von ihrem Baby und bauen eine bedingungslose Liebe auf zu ihrem Kind. Wenn sie dieses traumhafte Erlebnis in Bildern fes <a href=\"https:\/\/www.photosandmoredesign.de\/blog\/services\/schwangerschaftsshooting\/\" title=\"Read more on Babybauchfotoshooting\" class=\"more-link\">read more<\/a><\/p>\n","protected":false},"excerpt":{"rendered":"<p>Babybauchshooting ein wundersch\u00f6nes Erlebnis und Ereignis ist eine Schwangerschaft. Ihr Bauch w\u00e4chst von Monat zu Monat, sie sp\u00fcren die ersten Tritte von ihrem Baby und bauen eine bedingungslose Liebe auf zu ihrem Kind. Wenn sie dieses traumhafte Erlebnis in Bildern fes read more<\/p>\n","protected":false},"author":1,"featured_media":0,"parent":54,"menu_order":0,"comment_status":"closed","ping_status":"closed","template":"","meta":[],"_links":{"self":[{"href":"https:\/\/www.photosandmoredesign.de\/blog\/wp-json\/wp\/v2\/pages\/583"}],"collection":[{"href":"https:\/\/www.photosandmoredesign.de\/blog\/wp-json\/wp\/v2\/pages"}],"about":[{"href":"https:\/\/www.photosandmoredesign.de\/blog\/wp-json\/wp\/v2\/types\/page"}],"author":[{"embeddable":true,"href":"https:\/\/www.photosandmoredesign.de\/blog\/wp-json\/wp\/v2\/users\/1"}],"replies":[{"embeddable":true,"href":"https:\/\/www.photosandmoredesign.de\/blog\/wp-json\/wp\/v2\/comments?post=583"}],"version-history":[{"count":7,"href":"https:\/\/www.photosandmoredesign.de\/blog\/wp-json\/wp\/v2\/pages\/583\/revisions"}],"predecessor-version":[{"id":2363,"href":"https:\/\/www.photosandmoredesign.de\/blog\/wp-json\/wp\/v2\/pages\/583\/revisions\/2363"}],"up":[{"embeddable":true,"href":"https:\/\/www.photosandmoredesign.de\/blog\/wp-json\/wp\/v2\/pages\/54"}],"wp:attachment":[{"href":"https:\/\/www.photosandmoredesign.de\/blog\/wp-json\/wp\/v2\/media?parent=583"}],"curies":[{"name":"wp","href":"https:\/\/api.w.org\/{rel}","templated":true}]}}