{"id":580,"date":"2016-07-05T15:20:20","date_gmt":"2016-07-05T15:20:20","guid":{"rendered":"http:\/\/www.photosandmoredesign.de\/blog\/?page_id=580"},"modified":"2020-10-06T06:55:22","modified_gmt":"2020-10-06T06:55:22","slug":"newborns","status":"publish","type":"page","link":"https:\/\/www.photosandmoredesign.de\/blog\/services\/newborns\/","title":{"rendered":"Neugeborene"},"content":{"rendered":"<p>Babyshooting ein Babyfotoshooting sollte in den ersten 2-3 Wochen stattfinden, die kleinen M\u00e4use sind noch so zart und klein und einfach nur zuckers\u00fc\u00df. Bitte melden sie sich schon w\u00e4hrend der Schwangerschaft bei mir und dann erkl\u00e4re ich ihnen alles weitere und wir k\u00f6nne <a href=\"https:\/\/www.photosandmoredesign.de\/blog\/services\/newborns\/\" title=\"Read more on Neugeborene\" class=\"more-link\">read more<\/a><\/p>\n","protected":false},"excerpt":{"rendered":"<p>Babyshooting ein Babyfotoshooting sollte in den ersten 2-3 Wochen stattfinden, die kleinen M\u00e4use sind noch so zart und klein und einfach nur zuckers\u00fc\u00df. Bitte melden sie sich schon w\u00e4hrend der Schwangerschaft bei mir und dann erkl\u00e4re ich ihnen alles weitere und wir k\u00f6nne read more<\/p>\n","protected":false},"author":1,"featured_media":0,"parent":54,"menu_order":0,"comment_status":"closed","ping_status":"closed","template":"","meta":[],"_links":{"self":[{"href":"https:\/\/www.photosandmoredesign.de\/blog\/wp-json\/wp\/v2\/pages\/580"}],"collection":[{"href":"https:\/\/www.photosandmoredesign.de\/blog\/wp-json\/wp\/v2\/pages"}],"about":[{"href":"https:\/\/www.photosandmoredesign.de\/blog\/wp-json\/wp\/v2\/types\/page"}],"author":[{"embeddable":true,"href":"https:\/\/www.photosandmoredesign.de\/blog\/wp-json\/wp\/v2\/users\/1"}],"replies":[{"embeddable":true,"href":"https:\/\/www.photosandmoredesign.de\/blog\/wp-json\/wp\/v2\/comments?post=580"}],"version-history":[{"count":4,"href":"https:\/\/www.photosandmoredesign.de\/blog\/wp-json\/wp\/v2\/pages\/580\/revisions"}],"predecessor-version":[{"id":2365,"href":"https:\/\/www.photosandmoredesign.de\/blog\/wp-json\/wp\/v2\/pages\/580\/revisions\/2365"}],"up":[{"embeddable":true,"href":"https:\/\/www.photosandmoredesign.de\/blog\/wp-json\/wp\/v2\/pages\/54"}],"wp:attachment":[{"href":"https:\/\/www.photosandmoredesign.de\/blog\/wp-json\/wp\/v2\/media?parent=580"}],"curies":[{"name":"wp","href":"https:\/\/api.w.org\/{rel}","templated":true}]}}