{"id":2083,"date":"2017-02-09T12:09:51","date_gmt":"2017-02-09T12:09:51","guid":{"rendered":"http:\/\/www.photosandmoredesign.de\/?page_id=2083"},"modified":"2020-10-06T06:49:30","modified_gmt":"2020-10-06T06:49:30","slug":"preise","status":"publish","type":"page","link":"https:\/\/www.photosandmoredesign.de\/blog\/preise\/","title":{"rendered":"Preise"},"content":{"rendered":"<p>meine aktuelle Preisliste k\u00f6nnt ihr jederzeit per Email erfragen<\/p>\n<p>meine Fotoshootings beginnen bei 80\u20ac f\u00fcr Mini-Termine<\/p>\n<p>wenn ihr von mir Preise mitgeteilt bekommt, kommen keine zus\u00e4tzlichen Kosten dazu<\/p>\n<p>wer Informationen m\u00f6chte, schreibt mir bitte eine Email und ich<\/p>\n<p>werde umgehend antworten.<\/p>\n<p>Danke f\u00fcr Euer Verst\u00e4ndnis, aber bei einer Email k\u00f6nnen immer gleich alle Fragen noch beantwortet werden<\/p>\n","protected":false},"excerpt":{"rendered":"<p>meine aktuelle Preisliste k\u00f6nnt ihr jederzeit per Email erfragen meine Fotoshootings beginnen bei 80\u20ac f\u00fcr Mini-Termine wenn ihr von mir Preise mitgeteilt bekommt, kommen keine zus\u00e4tzlichen Kosten dazu wer Informationen m\u00f6chte, schreibt mir bitte eine Email und ich werde umgehend antworten. Danke f\u00fcr Euer Verst\u00e4ndnis, aber bei einer Email k\u00f6nnen immer gleich alle Fragen noch &hellip;<\/p>\n","protected":false},"author":1,"featured_media":0,"parent":0,"menu_order":0,"comment_status":"closed","ping_status":"closed","template":"","meta":[],"_links":{"self":[{"href":"https:\/\/www.photosandmoredesign.de\/blog\/wp-json\/wp\/v2\/pages\/2083"}],"collection":[{"href":"https:\/\/www.photosandmoredesign.de\/blog\/wp-json\/wp\/v2\/pages"}],"about":[{"href":"https:\/\/www.photosandmoredesign.de\/blog\/wp-json\/wp\/v2\/types\/page"}],"author":[{"embeddable":true,"href":"https:\/\/www.photosandmoredesign.de\/blog\/wp-json\/wp\/v2\/users\/1"}],"replies":[{"embeddable":true,"href":"https:\/\/www.photosandmoredesign.de\/blog\/wp-json\/wp\/v2\/comments?post=2083"}],"version-history":[{"count":3,"href":"https:\/\/www.photosandmoredesign.de\/blog\/wp-json\/wp\/v2\/pages\/2083\/revisions"}],"predecessor-version":[{"id":2361,"href":"https:\/\/www.photosandmoredesign.de\/blog\/wp-json\/wp\/v2\/pages\/2083\/revisions\/2361"}],"wp:attachment":[{"href":"https:\/\/www.photosandmoredesign.de\/blog\/wp-json\/wp\/v2\/media?parent=2083"}],"curies":[{"name":"wp","href":"https:\/\/api.w.org\/{rel}","templated":true}]}}